{"id":33228,"date":"2026-04-20T21:44:57","date_gmt":"2026-04-20T21:44:57","guid":{"rendered":"https:\/\/www.mjspr.com\/w\/?page_id=33228"},"modified":"2026-04-20T21:44:57","modified_gmt":"2026-04-20T21:44:57","slug":"librabet-casino-bezpecnost-licence-a-vse-co-potrebujete-vedet-o-bezpecne-hre","status":"publish","type":"page","link":"https:\/\/www.mjspr.com\/w\/librabet-casino-bezpecnost-licence-a-vse-co-potrebujete-vedet-o-bezpecne-hre\/","title":{"rendered":"Librabet casino: Bezpe\u010dnost, licence a v\u0161e, co pot\u0159ebujete v\u011bd\u011bt o bezpe\u010dn\u00e9 h\u0159e"},"content":{"rendered":"<figure data-affgun-media=\"hero\" style=\"margin:0 0 1.5em 0;text-align:center\"><img decoding=\"async\" src=\"https:\/\/i.ytimg.com\/vi\/iDc-eUsNkGo\/hqdefault.jpg\" alt=\"\" style=\"max-width:100%;height:auto;border-radius:8px\" loading=\"lazy\" referrerpolicy=\"no-referrer\"><\/figure>\n<h1>Librabet casino: Kompletn\u00ed pr\u016fvodce sv\u011btem online z\u00e1bavy a s\u00e1zen\u00ed<\/h1>\n<p>Hled\u00e1te m\u00edsto, kde se snoub\u00ed \u0161pi\u010dkov\u00e1 grafika online automat\u016f s dynamikou sportovn\u00edho s\u00e1zen\u00ed? <strong>Librabet casino<\/strong> p\u0159edstavuje modern\u00ed platformu, kter\u00e1 si z\u00edskala pozornost \u010desk\u00fdch hr\u00e1\u010d\u016f d\u00edky sv\u00e9 p\u0159ehlednosti a bohat\u00e9 nab\u00eddce mo\u017enost\u00ed. A\u0165 u\u017e jste fanou\u0161kem klasick\u00fdch stoln\u00edch her, jako je blackjack nebo ruleta, nebo preferujete adrenalin p\u0159i \u017eiv\u00fdch p\u0159enosech sportovn\u00edch z\u00e1pas\u016f, toto prost\u0159ed\u00ed nab\u00edz\u00ed komplexn\u00ed \u0159e\u0161en\u00ed<\/p>\n<div data-affgun-media=\"video\" style=\"position:relative;padding-bottom:56.25%;height:0;overflow:hidden;margin:1.5em 0;border-radius:8px\"><iframe src=\"https:\/\/www.youtube-nocookie.com\/embed\/iDc-eUsNkGo\" style=\"position:absolute;top:0;left:0;width:100%;height:100%;border:0;border-radius:8px\" loading=\"lazy\" referrerpolicy=\"strict-origin-when-cross-origin\" allow=\"accelerometer;autoplay;clipboard-write;encrypted-media;gyroscope;picture-in-picture\" allowfullscreen=\"\"><\/iframe><\/div>\n<p>Vyzkou\u0161ejte si sv\u00e9 \u0161t\u011bst\u00ed a objevte sv\u011bt z\u00e1bavy p\u0159\u00edmo na <a href=\"https:\/\/librabet.cz\/\">https:\/\/librabet.cz\/<\/a>.<\/p>\n","protected":false},"excerpt":{"rendered":"<p>Librabet casino: Kompletn\u00ed pr\u016fvodce sv\u011btem online z\u00e1bavy a s\u00e1zen\u00ed Hled\u00e1te m\u00edsto, kde se snoub\u00ed \u0161pi\u010dkov\u00e1 grafika online automat\u016f s dynamikou sportovn\u00edho s\u00e1zen\u00ed? Librabet casino p\u0159edstavuje modern\u00ed platformu, kter\u00e1 si z\u00edskala pozornost \u010desk\u00fdch hr\u00e1\u010d\u016f d\u00edky sv\u00e9 p\u0159ehlednosti a bohat\u00e9 nab\u00eddce mo\u017enost\u00ed. A\u0165 u\u017e jste fanou\u0161kem klasick\u00fdch stoln\u00edch her, jako je blackjack nebo ruleta, nebo preferujete adrenalin [&hellip;]<\/p>\n","protected":false},"author":3,"featured_media":0,"parent":0,"menu_order":0,"comment_status":"closed","ping_status":"closed","template":"","meta":{"_acf_changed":false,"footnotes":""},"class_list":["post-33228","page","type-page","status-publish","hentry"],"acf":[],"rttpg_featured_image_url":null,"rttpg_author":{"display_name":"Abhilash","author_link":"https:\/\/www.mjspr.com\/w\/author\/admin-2\/"},"rttpg_comment":0,"rttpg_category":null,"rttpg_excerpt":"Librabet casino: Kompletn\u00ed pr\u016fvodce sv\u011btem online z\u00e1bavy a s\u00e1zen\u00ed Hled\u00e1te m\u00edsto, kde se snoub\u00ed \u0161pi\u010dkov\u00e1 grafika online automat\u016f s dynamikou sportovn\u00edho s\u00e1zen\u00ed? Librabet casino p\u0159edstavuje modern\u00ed platformu, kter\u00e1 si z\u00edskala pozornost \u010desk\u00fdch hr\u00e1\u010d\u016f d\u00edky sv\u00e9 p\u0159ehlednosti a bohat\u00e9 nab\u00eddce mo\u017enost\u00ed. A\u0165 u\u017e jste fanou\u0161kem klasick\u00fdch stoln\u00edch her, jako je blackjack nebo ruleta, nebo preferujete adrenalin&hellip;","_links":{"self":[{"href":"https:\/\/www.mjspr.com\/w\/wp-json\/wp\/v2\/pages\/33228","targetHints":{"allow":["GET"]}}],"collection":[{"href":"https:\/\/www.mjspr.com\/w\/wp-json\/wp\/v2\/pages"}],"about":[{"href":"https:\/\/www.mjspr.com\/w\/wp-json\/wp\/v2\/types\/page"}],"author":[{"embeddable":true,"href":"https:\/\/www.mjspr.com\/w\/wp-json\/wp\/v2\/users\/3"}],"replies":[{"embeddable":true,"href":"https:\/\/www.mjspr.com\/w\/wp-json\/wp\/v2\/comments?post=33228"}],"version-history":[{"count":1,"href":"https:\/\/www.mjspr.com\/w\/wp-json\/wp\/v2\/pages\/33228\/revisions"}],"predecessor-version":[{"id":33229,"href":"https:\/\/www.mjspr.com\/w\/wp-json\/wp\/v2\/pages\/33228\/revisions\/33229"}],"wp:attachment":[{"href":"https:\/\/www.mjspr.com\/w\/wp-json\/wp\/v2\/media?parent=33228"}],"curies":[{"name":"wp","href":"https:\/\/api.w.org\/{rel}","templated":true}]}}